{"id":2554,"date":"2020-12-19T16:17:37","date_gmt":"2020-12-19T15:17:37","guid":{"rendered":"https:\/\/www.blascon.com\/cookie-richtlinie\/"},"modified":"2025-04-09T18:35:00","modified_gmt":"2025-04-09T16:35:00","slug":"cookie-richtlinie","status":"publish","type":"page","link":"https:\/\/blascon.com\/de\/beton-fahrmischer-trommel-reinigung-taeglich-spuelen-und-hochdruck-beton-beseitigung\/cookie-richtlinie\/","title":{"rendered":"Cookie-Richtlinie"},"content":{"rendered":"<p>[et_pb_section fb_built=&#8220;1&#8243; custom_padding_last_edited=&#8220;off|desktop&#8220; admin_label=&#8220;Services&#8220; _builder_version=&#8220;4.3.4&#8243; background_color=&#8220;#ecf9ff&#8220; custom_padding=&#8220;||35px||false|false&#8220;][et_pb_row column_structure=&#8220;3_5,2_5&#8243; _builder_version=&#8220;4.4.2&#8243; custom_margin=&#8220;|||&#8220; custom_padding=&#8220;||10px||false|false&#8220;][et_pb_column type=&#8220;3_5&#8243; _builder_version=&#8220;3.25&#8243; custom_padding=&#8220;|||&#8220; custom_padding__hover=&#8220;|||&#8220;][et_pb_text _builder_version=&#8220;4.4.2&#8243; text_font=&#8220;||||||||&#8220; text_text_color=&#8220;#383838&#8243; header_font=&#8220;Ubuntu|700|||||||&#8220; header_text_align=&#8220;left&#8220; header_text_color=&#8220;#383838&#8243; header_font_size=&#8220;65px&#8220; header_line_height=&#8220;1.2em&#8220; header_2_font=&#8220;Josefin Sans||||||||&#8220; header_2_text_color=&#8220;rgba(255,255,255,0.6)&#8220; header_2_font_size=&#8220;32px&#8220; header_2_line_height=&#8220;1.4em&#8220; background_layout=&#8220;dark&#8220; custom_margin=&#8220;||15px||false|false&#8220; custom_padding=&#8220;||12px|||&#8220; animation_style=&#8220;slide&#8220; animation_direction=&#8220;right&#8220; animation_intensity_slide=&#8220;4%&#8220; header_font_size_tablet=&#8220;50px&#8220; header_font_size_phone=&#8220;32px&#8220; header_font_size_last_edited=&#8220;on|desktop&#8220; header_2_font_size_tablet=&#8220;&#8220; header_2_font_size_phone=&#8220;24px&#8220; header_2_font_size_last_edited=&#8220;on|phone&#8220;]<\/p>\n<h1><span class=\"bgline white\">Cookie-Richtlinie<\/span><\/h1>\n<p>[\/et_pb_text][et_pb_text _builder_version=&#8220;4.4.2&#8243; text_font=&#8220;Open Sans||||||||&#8220; text_line_height=&#8220;1.8em&#8220; locked=&#8220;off&#8220;]Die Website von Blascon VERWENDET KEINE Tracking-Cookies oder Tracing-Cookies zum Aufsp\u00fcren privater Informationen von Besuchern.<br \/>\nBlascon verwendet nur funktionale Cookies f\u00fcr das ordnungsgem\u00e4\u00dfe Funktionieren unserer Website und analytische Cookies f\u00fcr interne Website-Auswertungen.<\/p>\n<p>Daher werden Besucher nicht von &#8222;Cookie-Popups&#8220; auf blascon.com \u00fcberrascht<\/p>\n<p>Viel Spa\u00df bei Ihrem Besuch.<br \/>\n[\/et_pb_text][\/et_pb_column][et_pb_column type=&#8220;2_5&#8243; _builder_version=&#8220;3.25&#8243; custom_padding=&#8220;|||&#8220; custom_padding__hover=&#8220;|||&#8220;][et_pb_divider show_divider=&#8220;off&#8220; _builder_version=&#8220;4.4.2&#8243; custom_margin=&#8220;15px||15px||false|false&#8220; custom_padding=&#8220;||40px|||&#8220;][\/et_pb_divider][\/et_pb_column][\/et_pb_row][\/et_pb_section][et_pb_section fb_built=&#8220;1&#8243; next_background_color=&#8220;#ffffff&#8220; admin_label=&#8220;Call To Action&#8220; _builder_version=&#8220;4.4.2&#8243; background_color=&#8220;#ecf9ff&#8220; use_background_color_gradient=&#8220;on&#8220; background_color_gradient_start=&#8220;rgba(2,157,223,0.77)&#8220; background_color_gradient_end=&#8220;rgba(2,157,223,0.32)&#8220; background_color_gradient_direction=&#8220;70deg&#8220; background_color_gradient_overlays_image=&#8220;on&#8220; background_image=&#8220;https:\/\/blascon.com\/wp-content\/uploads\/2020\/02\/HeroImage.jpg&#8220; custom_margin=&#8220;|||&#8220; custom_padding=&#8220;10vw||3vw||false|false&#8220; top_divider_style=&#8220;mountains2&#8243; top_divider_color=&#8220;#ecf9ff&#8220; top_divider_height=&#8220;15vw&#8220; top_divider_repeat=&#8220;0.4x&#8220; bottom_divider_style=&#8220;mountains2&#8243; bottom_divider_height=&#8220;14%&#8220; bottom_divider_repeat=&#8220;0.4x&#8220; bottom_divider_flip=&#8220;horizontal&#8220; locked=&#8220;off&#8220;][et_pb_row _builder_version=&#8220;4.3.4&#8243; custom_margin=&#8220;|||&#8220; custom_padding=&#8220;0px|0px|60px|0px|false|false&#8220;][et_pb_column type=&#8220;4_4&#8243; _builder_version=&#8220;3.25&#8243; custom_padding=&#8220;|||&#8220; custom_padding__hover=&#8220;|||&#8220;][et_pb_text _builder_version=&#8220;4.6.6&#8243; text_font=&#8220;||||||||&#8220; header_font=&#8220;||||||||&#8220; header_2_font=&#8220;Ubuntu|700|||||||&#8220; header_2_font_size=&#8220;60px&#8220; header_2_line_height=&#8220;1.4em&#8220; header_3_font=&#8220;Ubuntu|700|||||||&#8220; header_3_text_color=&#8220;#ffffff&#8220; header_3_font_size=&#8220;35px&#8220; header_3_line_height=&#8220;1.4em&#8220; background_layout=&#8220;dark&#8220; module_alignment=&#8220;center&#8220; animation_style=&#8220;slide&#8220; animation_direction=&#8220;right&#8220; animation_intensity_slide=&#8220;4%&#8220; header_font_size_tablet=&#8220;70px&#8220; header_font_size_phone=&#8220;50px&#8220; header_font_size_last_edited=&#8220;off|desktop&#8220; header_2_font_size_tablet=&#8220;50px&#8220; header_2_font_size_phone=&#8220;32px&#8220; header_2_font_size_last_edited=&#8220;on|phone&#8220; header_3_font_size_tablet=&#8220;&#8220; header_3_font_size_phone=&#8220;24px&#8220; header_3_font_size_last_edited=&#8220;on|phone&#8220; locked=&#8220;off&#8220;]<\/p>\n<h3 style=\"text-align: center;\"><span class=\"bgline gray\">Bleib sicher, halte dich von der Mixerdrum fern<\/span><\/h3>\n<p>[\/et_pb_text][\/et_pb_column][\/et_pb_row][et_pb_row column_structure=&#8220;1_2,1_2&#8243; _builder_version=&#8220;4.6.6&#8243; _module_preset=&#8220;default&#8220;][et_pb_column type=&#8220;1_2&#8243; _builder_version=&#8220;4.6.6&#8243; _module_preset=&#8220;default&#8220;][et_pb_button button_text=&#8220;+31 625 307 807&#8243; button_alignment=&#8220;center&#8220; _builder_version=&#8220;4.7.7&#8243; custom_button=&#8220;on&#8220; button_text_size=&#8220;22px&#8220; button_text_color=&#8220;#ffffff&#8220; button_bg_color=&#8220;#eb570d&#8220; button_border_width=&#8220;4px&#8220; button_border_color=&#8220;#eb570d&#8220; button_border_radius=&#8220;0px&#8220; button_letter_spacing=&#8220;0px&#8220; button_font=&#8220;Ubuntu|700||on|||||&#8220; button_icon=&#8220;%%264%%&#8220; button_icon_placement=&#8220;left&#8220; button_on_hover=&#8220;off&#8220; custom_margin=&#8220;||||false|false&#8220; custom_margin_phone=&#8220;|70px||&#8220; custom_margin_last_edited=&#8220;off|desktop&#8220; custom_padding=&#8220;1px|2px|1px|35px|false|false&#8220; animation_style=&#8220;slide&#8220; animation_direction=&#8220;left&#8220; animation_intensity_slide=&#8220;8%&#8220; button_text_size_phone=&#8220;20px&#8220; button_text_size_last_edited=&#8220;off|desktop&#8220; box_shadow_style=&#8220;preset3&#8243; box_shadow_blur=&#8220;20px&#8220; box_shadow_spread=&#8220;-10px&#8220; button_text_size__hover_enabled=&#8220;off&#8220; button_one_text_size__hover_enabled=&#8220;off&#8220; button_two_text_size__hover_enabled=&#8220;off&#8220; button_text_color__hover_enabled=&#8220;off&#8220; button_one_text_color__hover_enabled=&#8220;off&#8220; button_two_text_color__hover_enabled=&#8220;off&#8220; button_border_width__hover_enabled=&#8220;off&#8220; button_one_border_width__hover_enabled=&#8220;off&#8220; button_two_border_width__hover_enabled=&#8220;off&#8220; button_border_color__hover_enabled=&#8220;off&#8220; button_one_border_color__hover_enabled=&#8220;off&#8220; button_two_border_color__hover_enabled=&#8220;off&#8220; button_border_radius__hover_enabled=&#8220;off&#8220; button_one_border_radius__hover_enabled=&#8220;off&#8220; button_two_border_radius__hover_enabled=&#8220;off&#8220; button_letter_spacing__hover_enabled=&#8220;off&#8220; button_one_letter_spacing__hover_enabled=&#8220;off&#8220; button_two_letter_spacing__hover_enabled=&#8220;off&#8220; button_bg_color__hover_enabled=&#8220;off&#8220; button_one_bg_color__hover_enabled=&#8220;off&#8220; button_two_bg_color__hover_enabled=&#8220;off&#8220;][\/et_pb_button][\/et_pb_column][et_pb_column type=&#8220;1_2&#8243; _builder_version=&#8220;4.6.6&#8243; _module_preset=&#8220;default&#8220;][et_pb_button button_text=&#8220;+49 1520 6273 901&#8243; button_alignment=&#8220;center&#8220; _builder_version=&#8220;4.7.7&#8243; _module_preset=&#8220;default&#8220; custom_button=&#8220;on&#8220; button_text_size=&#8220;22px&#8220; button_text_color=&#8220;#ffffff&#8220; button_bg_color=&#8220;#eb570d&#8220; button_border_width=&#8220;4px&#8220; button_border_color=&#8220;#eb570d&#8220; button_border_radius=&#8220;0px&#8220; button_font=&#8220;Ubuntu|700||on|||||&#8220; button_icon=&#8220;%%264%%&#8220; button_icon_color=&#8220;#ffffff&#8220; button_icon_placement=&#8220;left&#8220; button_on_hover=&#8220;off&#8220; custom_padding=&#8220;1px|2px|1px|35px|false|false&#8220;][\/et_pb_button][\/et_pb_column][\/et_pb_row][\/et_pb_section][et_pb_section fb_built=&#8220;1&#8243; admin_label=&#8220;Footer&#8220; _builder_version=&#8220;3.22&#8243;][et_pb_row column_structure=&#8220;1_3,1_3,1_3&#8243; _builder_version=&#8220;3.25&#8243; custom_padding=&#8220;|||&#8220;][et_pb_column type=&#8220;1_3&#8243; _builder_version=&#8220;3.25&#8243; custom_padding=&#8220;|||&#8220; custom_padding__hover=&#8220;|||&#8220;][et_pb_blurb title=&#8220;Blascon NL B\u00fcro&#8220; url=&#8220;https:\/\/www.google.com\/maps\/place\/BLASCON+Concrete+Mixertruck+automation+products+%26+services\/@52.3067573,6.9329387,15z\/data=!4m5!3m4!1s0x0:0x9b377eedf242aa6!8m2!3d52.3067573!4d6.9329387&#8243; url_new_window=&#8220;on&#8220; use_icon=&#8220;on&#8220; font_icon=&#8220;%%122%%&#8220; icon_color=&#8220;#029ddf&#8220; icon_alignment=&#8220;left&#8220; use_icon_font_size=&#8220;on&#8220; icon_font_size=&#8220;32px&#8220; _builder_version=&#8220;4.6.6&#8243; header_font=&#8220;Ubuntu|700|||||||&#8220; header_text_align=&#8220;left&#8220; header_font_size=&#8220;22px&#8220; body_font=&#8220;Open Sans||||||||&#8220; body_text_align=&#8220;left&#8220; body_link_font=&#8220;Open Sans||||||||&#8220; body_link_text_color=&#8220;rgba(56,56,56,0.7)&#8220;]Stationsstraat 5A<br \/>\nNL &#8211; 7575 BC Oldenzaal<\/p>\n<p>Telefon: +31 625 307 807<br \/>\nE-Mail: info@blascon.com<br \/>\n[\/et_pb_blurb][\/et_pb_column][et_pb_column type=&#8220;1_3&#8243; _builder_version=&#8220;3.25&#8243; custom_padding=&#8220;|||&#8220; custom_padding__hover=&#8220;|||&#8220;][et_pb_blurb title=&#8220;Blascon NL Lieferung&#8220; url=&#8220;https:\/\/www.google.nl\/maps\/place\/Schelmaatstraat+21,+7575+BC+Oldenzaal\/@52.2977489,6.9245026,17z\/data=!3m1!4b1!4m5!3m4!1s0x47b8173b5a79e6c3:0xa7252dcd33b265b3!8m2!3d52.2977489!4d6.9266913&#8243; url_new_window=&#8220;on&#8220; use_icon=&#8220;on&#8220; font_icon=&#8220;%%122%%&#8220; icon_color=&#8220;#029ddf&#8220; icon_alignment=&#8220;left&#8220; use_icon_font_size=&#8220;on&#8220; icon_font_size=&#8220;32px&#8220; _builder_version=&#8220;4.6.6&#8243; header_font=&#8220;Ubuntu|700|||||||&#8220; header_text_align=&#8220;left&#8220; header_font_size=&#8220;22px&#8220; body_font=&#8220;Open Sans||||||||&#8220; body_text_align=&#8220;left&#8220; body_link_font=&#8220;Open Sans||||||||&#8220; body_link_text_color=&#8220;rgba(56,56,56,0.7)&#8220;]<\/p>\n<p>Schelmaatstraat 21<br \/>7575 BC Oldenzaal<\/p>\n<p>[\/et_pb_blurb][\/et_pb_column][et_pb_column type=&#8220;1_3&#8243; _builder_version=&#8220;3.25&#8243; custom_padding=&#8220;|||&#8220; custom_padding__hover=&#8220;|||&#8220;][et_pb_blurb title=&#8220;Blascon Deutschland&#8220; url=&#8220;https:\/\/www.google.nl\/maps\/place\/Twentestra\u00dfe+2,+48527+Nordhorn,+Germany\/@52.4194007,7.0334555,17z\/data=!3m1!4b1!4m5!3m4!1s0x47b81f5a988f76a5:0x8c9efe9509d86e6a!8m2!3d52.4194007!4d7.0356442&#8243; url_new_window=&#8220;on&#8220; use_icon=&#8220;on&#8220; font_icon=&#8220;%%122%%&#8220; icon_color=&#8220;#029ddf&#8220; icon_alignment=&#8220;left&#8220; use_icon_font_size=&#8220;on&#8220; icon_font_size=&#8220;32px&#8220; _builder_version=&#8220;4.6.6&#8243; header_font=&#8220;Ubuntu|700|||||||&#8220; header_text_align=&#8220;left&#8220; header_font_size=&#8220;22px&#8220; body_font=&#8220;Open Sans||||||||&#8220; body_text_align=&#8220;left&#8220; body_link_font=&#8220;Open Sans||||||||&#8220; body_link_text_color=&#8220;rgba(56,56,56,0.7)&#8220;]<strong>B\u00fcro und Lieferung<\/strong><br \/>\nTwentestrasse 2<br \/>\nD &#8211; 48527 Nordhorn<\/p>\n<p>Telefon: +49 1520 6273 901<br \/>\nE-Mail: info@blascon.com<br \/>\n[\/et_pb_blurb][\/et_pb_column][\/et_pb_row][\/et_pb_section]<\/p>\n","protected":false},"excerpt":{"rendered":"<p>Cookie-Richtlinie Die Website von Blascon VERWENDET KEINE Tracking-Cookies oder Tracing-Cookies zum Aufsp\u00fcren privater Informationen von Besuchern. Blascon verwendet nur funktionale Cookies f\u00fcr das ordnungsgem\u00e4\u00dfe Funktionieren unserer Website und analytische Cookies f\u00fcr interne Website-Auswertungen. Daher werden Besucher nicht von &#8222;Cookie-Popups&#8220; auf blascon.com \u00fcberrascht Viel Spa\u00df bei Ihrem Besuch. Bleib sicher, halte dich von der Mixerdrum fern [&hellip;]<\/p>\n","protected":false},"author":1,"featured_media":0,"parent":410,"menu_order":2,"comment_status":"closed","ping_status":"closed","template":"","meta":{"_et_pb_use_builder":"on","_et_pb_old_content":"","_et_gb_content_width":"","footnotes":""},"class_list":["post-2554","page","type-page","status-publish","hentry"],"yoast_head":"<!-- This site is optimized with the Yoast SEO plugin v27.4 - https:\/\/yoast.com\/product\/yoast-seo-wordpress\/ -->\n<title>Cookie-Richtlinie - Concrete Mixertruck Drum Cleaning<\/title>\n<meta name=\"robots\" content=\"index, follow, max-snippet:-1, max-image-preview:large, max-video-preview:-1\" \/>\n<link rel=\"canonical\" href=\"https:\/\/blascon.com\/de\/beton-fahrmischer-trommel-reinigung-taeglich-spuelen-und-hochdruck-beton-beseitigung\/cookie-richtlinie\/\" \/>\n<meta property=\"og:locale\" content=\"de_DE\" \/>\n<meta property=\"og:type\" content=\"article\" \/>\n<meta property=\"og:title\" content=\"Cookie-Richtlinie - Concrete Mixertruck Drum Cleaning\" \/>\n<meta property=\"og:description\" content=\"Cookie-Richtlinie Die Website von Blascon VERWENDET KEINE Tracking-Cookies oder Tracing-Cookies zum Aufsp\u00fcren privater Informationen von Besuchern. Blascon verwendet nur funktionale Cookies f\u00fcr das ordnungsgem\u00e4\u00dfe Funktionieren unserer Website und analytische Cookies f\u00fcr interne Website-Auswertungen. Daher werden Besucher nicht von &quot;Cookie-Popups&quot; auf blascon.com \u00fcberrascht Viel Spa\u00df bei Ihrem Besuch. Bleib sicher, halte dich von der Mixerdrum fern [&hellip;]\" \/>\n<meta property=\"og:url\" content=\"https:\/\/blascon.com\/de\/beton-fahrmischer-trommel-reinigung-taeglich-spuelen-und-hochdruck-beton-beseitigung\/cookie-richtlinie\/\" \/>\n<meta property=\"og:site_name\" content=\"Concrete Mixertruck Drum Cleaning\" \/>\n<meta property=\"article:modified_time\" content=\"2025-04-09T16:35:00+00:00\" \/>\n<meta name=\"twitter:card\" content=\"summary_large_image\" \/>\n<meta name=\"twitter:label1\" content=\"Gesch\u00e4tzte Lesezeit\" \/>\n\t<meta name=\"twitter:data1\" content=\"6\u00a0Minuten\" \/>\n<script type=\"application\/ld+json\" class=\"yoast-schema-graph\">{\"@context\":\"https:\\\/\\\/schema.org\",\"@graph\":[{\"@type\":\"WebPage\",\"@id\":\"https:\\\/\\\/blascon.com\\\/de\\\/beton-fahrmischer-trommel-reinigung-taeglich-spuelen-und-hochdruck-beton-beseitigung\\\/cookie-richtlinie\\\/\",\"url\":\"https:\\\/\\\/blascon.com\\\/de\\\/beton-fahrmischer-trommel-reinigung-taeglich-spuelen-und-hochdruck-beton-beseitigung\\\/cookie-richtlinie\\\/\",\"name\":\"Cookie-Richtlinie - Concrete Mixertruck Drum Cleaning\",\"isPartOf\":{\"@id\":\"https:\\\/\\\/blascon.com\\\/de\\\/#website\"},\"datePublished\":\"2020-12-19T15:17:37+00:00\",\"dateModified\":\"2025-04-09T16:35:00+00:00\",\"breadcrumb\":{\"@id\":\"https:\\\/\\\/blascon.com\\\/de\\\/beton-fahrmischer-trommel-reinigung-taeglich-spuelen-und-hochdruck-beton-beseitigung\\\/cookie-richtlinie\\\/#breadcrumb\"},\"inLanguage\":\"de\",\"potentialAction\":[{\"@type\":\"ReadAction\",\"target\":[\"https:\\\/\\\/blascon.com\\\/de\\\/beton-fahrmischer-trommel-reinigung-taeglich-spuelen-und-hochdruck-beton-beseitigung\\\/cookie-richtlinie\\\/\"]}]},{\"@type\":\"BreadcrumbList\",\"@id\":\"https:\\\/\\\/blascon.com\\\/de\\\/beton-fahrmischer-trommel-reinigung-taeglich-spuelen-und-hochdruck-beton-beseitigung\\\/cookie-richtlinie\\\/#breadcrumb\",\"itemListElement\":[{\"@type\":\"ListItem\",\"position\":1,\"name\":\"Home\",\"item\":\"https:\\\/\\\/blascon.com\\\/de\\\/\"},{\"@type\":\"ListItem\",\"position\":2,\"name\":\"BLASCON\",\"item\":\"https:\\\/\\\/blascon.com\\\/de\\\/beton-fahrmischer-trommel-reinigung-taeglich-spuelen-und-hochdruck-beton-beseitigung\\\/\"},{\"@type\":\"ListItem\",\"position\":3,\"name\":\"Cookie-Richtlinie\"}]},{\"@type\":\"WebSite\",\"@id\":\"https:\\\/\\\/blascon.com\\\/de\\\/#website\",\"url\":\"https:\\\/\\\/blascon.com\\\/de\\\/\",\"name\":\"Concrete Mixertruck Drum Cleaning\",\"description\":\"Concrete Mixertruck Buildup Removal &amp; Washout Systems\",\"potentialAction\":[{\"@type\":\"SearchAction\",\"target\":{\"@type\":\"EntryPoint\",\"urlTemplate\":\"https:\\\/\\\/blascon.com\\\/de\\\/?s={search_term_string}\"},\"query-input\":{\"@type\":\"PropertyValueSpecification\",\"valueRequired\":true,\"valueName\":\"search_term_string\"}}],\"inLanguage\":\"de\"}]}<\/script>\n<!-- \/ Yoast SEO plugin. -->","yoast_head_json":{"title":"Cookie-Richtlinie - Concrete Mixertruck Drum Cleaning","robots":{"index":"index","follow":"follow","max-snippet":"max-snippet:-1","max-image-preview":"max-image-preview:large","max-video-preview":"max-video-preview:-1"},"canonical":"https:\/\/blascon.com\/de\/beton-fahrmischer-trommel-reinigung-taeglich-spuelen-und-hochdruck-beton-beseitigung\/cookie-richtlinie\/","og_locale":"de_DE","og_type":"article","og_title":"Cookie-Richtlinie - Concrete Mixertruck Drum Cleaning","og_description":"Cookie-Richtlinie Die Website von Blascon VERWENDET KEINE Tracking-Cookies oder Tracing-Cookies zum Aufsp\u00fcren privater Informationen von Besuchern. Blascon verwendet nur funktionale Cookies f\u00fcr das ordnungsgem\u00e4\u00dfe Funktionieren unserer Website und analytische Cookies f\u00fcr interne Website-Auswertungen. Daher werden Besucher nicht von \"Cookie-Popups\" auf blascon.com \u00fcberrascht Viel Spa\u00df bei Ihrem Besuch. Bleib sicher, halte dich von der Mixerdrum fern [&hellip;]","og_url":"https:\/\/blascon.com\/de\/beton-fahrmischer-trommel-reinigung-taeglich-spuelen-und-hochdruck-beton-beseitigung\/cookie-richtlinie\/","og_site_name":"Concrete Mixertruck Drum Cleaning","article_modified_time":"2025-04-09T16:35:00+00:00","twitter_card":"summary_large_image","twitter_misc":{"Gesch\u00e4tzte Lesezeit":"6\u00a0Minuten"},"schema":{"@context":"https:\/\/schema.org","@graph":[{"@type":"WebPage","@id":"https:\/\/blascon.com\/de\/beton-fahrmischer-trommel-reinigung-taeglich-spuelen-und-hochdruck-beton-beseitigung\/cookie-richtlinie\/","url":"https:\/\/blascon.com\/de\/beton-fahrmischer-trommel-reinigung-taeglich-spuelen-und-hochdruck-beton-beseitigung\/cookie-richtlinie\/","name":"Cookie-Richtlinie - Concrete Mixertruck Drum Cleaning","isPartOf":{"@id":"https:\/\/blascon.com\/de\/#website"},"datePublished":"2020-12-19T15:17:37+00:00","dateModified":"2025-04-09T16:35:00+00:00","breadcrumb":{"@id":"https:\/\/blascon.com\/de\/beton-fahrmischer-trommel-reinigung-taeglich-spuelen-und-hochdruck-beton-beseitigung\/cookie-richtlinie\/#breadcrumb"},"inLanguage":"de","potentialAction":[{"@type":"ReadAction","target":["https:\/\/blascon.com\/de\/beton-fahrmischer-trommel-reinigung-taeglich-spuelen-und-hochdruck-beton-beseitigung\/cookie-richtlinie\/"]}]},{"@type":"BreadcrumbList","@id":"https:\/\/blascon.com\/de\/beton-fahrmischer-trommel-reinigung-taeglich-spuelen-und-hochdruck-beton-beseitigung\/cookie-richtlinie\/#breadcrumb","itemListElement":[{"@type":"ListItem","position":1,"name":"Home","item":"https:\/\/blascon.com\/de\/"},{"@type":"ListItem","position":2,"name":"BLASCON","item":"https:\/\/blascon.com\/de\/beton-fahrmischer-trommel-reinigung-taeglich-spuelen-und-hochdruck-beton-beseitigung\/"},{"@type":"ListItem","position":3,"name":"Cookie-Richtlinie"}]},{"@type":"WebSite","@id":"https:\/\/blascon.com\/de\/#website","url":"https:\/\/blascon.com\/de\/","name":"Concrete Mixertruck Drum Cleaning","description":"Concrete Mixertruck Buildup Removal &amp; Washout Systems","potentialAction":[{"@type":"SearchAction","target":{"@type":"EntryPoint","urlTemplate":"https:\/\/blascon.com\/de\/?s={search_term_string}"},"query-input":{"@type":"PropertyValueSpecification","valueRequired":true,"valueName":"search_term_string"}}],"inLanguage":"de"}]}},"_links":{"self":[{"href":"https:\/\/blascon.com\/de\/wp-json\/wp\/v2\/pages\/2554","targetHints":{"allow":["GET"]}}],"collection":[{"href":"https:\/\/blascon.com\/de\/wp-json\/wp\/v2\/pages"}],"about":[{"href":"https:\/\/blascon.com\/de\/wp-json\/wp\/v2\/types\/page"}],"author":[{"embeddable":true,"href":"https:\/\/blascon.com\/de\/wp-json\/wp\/v2\/users\/1"}],"replies":[{"embeddable":true,"href":"https:\/\/blascon.com\/de\/wp-json\/wp\/v2\/comments?post=2554"}],"version-history":[{"count":6,"href":"https:\/\/blascon.com\/de\/wp-json\/wp\/v2\/pages\/2554\/revisions"}],"predecessor-version":[{"id":4465,"href":"https:\/\/blascon.com\/de\/wp-json\/wp\/v2\/pages\/2554\/revisions\/4465"}],"up":[{"embeddable":true,"href":"https:\/\/blascon.com\/de\/wp-json\/wp\/v2\/pages\/410"}],"wp:attachment":[{"href":"https:\/\/blascon.com\/de\/wp-json\/wp\/v2\/media?parent=2554"}],"curies":[{"name":"wp","href":"https:\/\/api.w.org\/{rel}","templated":true}]}}